{"id":10002,"date":"2023-09-06T13:07:34","date_gmt":"2023-09-06T11:07:34","guid":{"rendered":"https:\/\/sp6kwidzyn.pl\/?page_id=10002"},"modified":"2023-09-06T13:07:43","modified_gmt":"2023-09-06T11:07:43","slug":"procedura-usprawiedliwiania-nieobecnosci-i-zwalniania-ucznia-z-zajec-szkolnych-oraz-z-zajec-wychowania-fizycznego-2","status":"publish","type":"page","link":"https:\/\/sp6kwidzyn.pl\/?page_id=10002","title":{"rendered":"Procedura usprawiedliwiania nieobecno\u015bci i zwalniania ucznia z zaj\u0119\u0107 szkolnych oraz z zaj\u0119\u0107 wychowania fizycznego."},"content":{"rendered":"<ol>\n<li>Usprawiedliwie\u0144 nieobecno\u015bci uczni\u00f3w na zaj\u0119ciach edukacyjnych dokonuj\u0105 rodzice\/prawni opiekunowie u wychowawcy\/ nauczyciela prowadz\u0105cego zaj\u0119cia.<\/li>\n<li>Wychowawca usprawiedliwia na podstawie:<\/li>\n<\/ol>\n<ul>\n<li>pisemnego o\u015bwiadczenia rodzica\/prawnego opiekuna (pismo, wiadomo\u015b\u0107 przez dziennik elektroniczny);<\/li>\n<li>zwolnienia lekarskiego;<\/li>\n<li>zwolnienia przez nauczyciela-opiekuna (je\u015bli dziecko reprezentuje szko\u0142\u0119 np. w zawodach sportowych lub w konkursach i imprezach szkolnych oraz pozaszkolnych).\n<ol>\n<li>Usprawiedliwienie nieobecno\u015bci ucznia na zaj\u0119ciach szkolnych dokonywane jest w formie pisemnej przez rodzic\u00f3w\/ prawnych opiekun\u00f3w ucznia zawieraj\u0105cej: pow\u00f3d nieobecno\u015bci, wskazanie czasu nieobecno\u015bci.<\/li>\n<li>Rodzice usprawiedliwiaj\u0105 nieobecno\u015b\u0107 dziecka nie p\u00f3\u017aniej ni\u017c do 10 nast\u0119pnego miesi\u0105ca od jego powrotu do szko\u0142y.<\/li>\n<li>Rodzice s\u0105 zobowi\u0105zani poinformowa\u0107 wychowawc\u0119 o nieobecno\u015bci d\u0142ugotrwa\u0142ej, tj. trwaj\u0105cej powy\u017cej 1 tygodnia nauki szkolnej przed okresem absencji dziecka.<\/li>\n<li>Wszyscy nauczyciele maj\u0105 obowi\u0105zek odnotowa\u0107 nieobecno\u015b\u0107 ucznia na prowadzonych zaj\u0119ciach.<\/li>\n<li>W przypadku nieobecno\u015bci ucznia spowodowanej reprezentowaniem szko\u0142y w zawodach, konkursach, olimpiadach etc. wpisuje si\u0119 w\u0142a\u015bciw\u0105 adnotacj\u0119 w dzienniku.<\/li>\n<li>Nauczyciel, kt\u00f3ry zaobserwuje wybi\u00f3rcz\u0105 absencj\u0119 ucznia na swoim przedmiocie zobowi\u0105zany jest jak najszybciej poinformowa\u0107 o fakcie wychowawc\u0119 klasy. Wsp\u00f3lnie z wychowawc\u0105 przeprowadza rozmow\u0119 z uczniem w celu przeciwdzia\u0142ania problemowi.<\/li>\n<li>W przypadku dalszego opuszczania przez ucznia lekcji o fakcie informowani s\u0105 rodzice ucznia.<\/li>\n<li>W przypadku nieobecno\u015bci nieusprawiedliwionej wynosz\u0105cej 2 tygodnie w miesi\u0105cu (pomimo rozm\u00f3w prowadzonych z rodzicami ucznia), dyrektor szko\u0142y rozpoczyna post\u0119powanie administracyjne i kieruje do rodzic\u00f3w pismo- upomnienie w sprawie regularnego posy\u0142ania dziecka na zaj\u0119cia szkolne z wyznaczeniem terminu oraz informacj\u0105, \u017ce niespe\u0142nienie tego obowi\u0105zku jest zagro\u017cone post\u0119powaniem egzekucyjnym.<\/li>\n<li>W sytuacji, kiedy ucze\u0144 w dalszym ci\u0105gu nie realizuje obowi\u0105zku szkolnego, dyrektor Szko\u0142y kieruje wniosek o wszcz\u0119cie egzekucji administracyjnej do organu prowadz\u0105cego szko\u0142\u0119. \u015arodkiem egzekucji administracyjnej obowi\u0105zku szkolnego jest grzywna, kt\u00f3ra mo\u017ce by\u0107 nak\u0142adana kilkakrotnie. Post\u0119powanie mo\u017ce by\u0107 wszcz\u0119te po up\u0142ywie siedmiu dni od dnia dor\u0119czenia upomnienia w sprawie regularnego posy\u0142ania ucznia na zaj\u0119cia szkolne.<\/li>\n<\/ol>\n<\/li>\n<\/ul>\n","protected":false},"excerpt":{"rendered":"<p>Usprawiedliwie\u0144 nieobecno\u015bci uczni\u00f3w na zaj\u0119ciach edukacyjnych dokonuj\u0105 rodzice\/prawni opiekunowie u wychowawcy\/ nauczyciela prowadz\u0105cego zaj\u0119cia. Wychowawca usprawiedliwia na podstawie: pisemnego o\u015bwiadczenia [&hellip;]<\/p>\n","protected":false},"author":1,"featured_media":0,"parent":0,"menu_order":0,"comment_status":"closed","ping_status":"closed","template":"","meta":{"footnotes":""},"class_list":["post-10002","page","type-page","status-publish","hentry","has_no_thumb"],"aioseo_notices":[],"_links":{"self":[{"href":"https:\/\/sp6kwidzyn.pl\/index.php?rest_route=\/wp\/v2\/pages\/10002","targetHints":{"allow":["GET"]}}],"collection":[{"href":"https:\/\/sp6kwidzyn.pl\/index.php?rest_route=\/wp\/v2\/pages"}],"about":[{"href":"https:\/\/sp6kwidzyn.pl\/index.php?rest_route=\/wp\/v2\/types\/page"}],"author":[{"embeddable":true,"href":"https:\/\/sp6kwidzyn.pl\/index.php?rest_route=\/wp\/v2\/users\/1"}],"replies":[{"embeddable":true,"href":"https:\/\/sp6kwidzyn.pl\/index.php?rest_route=%2Fwp%2Fv2%2Fcomments&post=10002"}],"version-history":[{"count":2,"href":"https:\/\/sp6kwidzyn.pl\/index.php?rest_route=\/wp\/v2\/pages\/10002\/revisions"}],"predecessor-version":[{"id":10004,"href":"https:\/\/sp6kwidzyn.pl\/index.php?rest_route=\/wp\/v2\/pages\/10002\/revisions\/10004"}],"wp:attachment":[{"href":"https:\/\/sp6kwidzyn.pl\/index.php?rest_route=%2Fwp%2Fv2%2Fmedia&parent=10002"}],"curies":[{"name":"wp","href":"https:\/\/api.w.org\/{rel}","templated":true}]}}